{"id":1801,"date":"2023-09-06T20:01:36","date_gmt":"2023-09-06T20:01:36","guid":{"rendered":"https:\/\/mueblesparanegociosalfagt.com\/?post_type=product&#038;p=1801"},"modified":"2023-09-28T18:53:19","modified_gmt":"2023-09-28T18:53:19","slug":"silla-tiffany","status":"publish","type":"product","link":"https:\/\/mueblesparanegociosalfagt.com\/index.php\/product\/silla-tiffany\/","title":{"rendered":"Silla Tiffany de Polipropileno"},"content":{"rendered":"<p>Fabricada con materiales de la m\u00e1s Alta Calidad Ideal para Banquetes y Eventos Resistencia a altos impactos. Dise\u00f1o Monoblock: una sola pieza, gran firmeza Resistente a ambientes h\u00famedos y salinos, peso por silla 3.5 kg y resiste 150 kg, Colores de L\u00ednea: blanco dorado, plateado y negro.<\/p>\n","protected":false},"excerpt":{"rendered":"<p>Fabricada con materiales de la m\u00e1s Alta Calidad Ideal para Banquetes y Eventos Resistencia a altos impactos. Dise\u00f1o Monoblock: una sola pieza, gran firmeza Resistente a ambientes h\u00famedos y salinos, peso por silla 3.5 kg y resiste 150 kg, Colores de L\u00ednea: blanco dorado, plateado y negro.<\/p>\n","protected":false},"featured_media":2179,"template":"","meta":{"_uag_custom_page_level_css":"","site-sidebar-layout":"default","site-content-layout":"default","ast-global-header-display":"","ast-banner-title-visibility":"","ast-main-header-display":"","ast-hfb-above-header-display":"","ast-hfb-below-header-display":"","ast-hfb-mobile-header-display":"","site-post-title":"","ast-breadcrumbs-content":"","ast-featured-img":"","footer-sml-layout":"","theme-transparent-header-meta":"default","adv-header-id-meta":"","stick-header-meta":"","header-above-stick-meta":"","header-main-stick-meta":"","header-below-stick-meta":"","_joinchat":[]},"product_cat":[64],"product_tag":[],"uagb_featured_image_src":{"full":["https:\/\/mueblesparanegociosalfagt.com\/wp-content\/uploads\/2023\/09\/ec29b344-fb62-4439-a83a-34b59dc8a208-scaled.jpg",2009,2560,false],"thumbnail":["https:\/\/mueblesparanegociosalfagt.com\/wp-content\/uploads\/2023\/09\/ec29b344-fb62-4439-a83a-34b59dc8a208-150x150.jpg",150,150,true],"medium":["https:\/\/mueblesparanegociosalfagt.com\/wp-content\/uploads\/2023\/09\/ec29b344-fb62-4439-a83a-34b59dc8a208-235x300.jpg",235,300,true],"medium_large":["https:\/\/mueblesparanegociosalfagt.com\/wp-content\/uploads\/2023\/09\/ec29b344-fb62-4439-a83a-34b59dc8a208-768x979.jpg",768,979,true],"large":["https:\/\/mueblesparanegociosalfagt.com\/wp-content\/uploads\/2023\/09\/ec29b344-fb62-4439-a83a-34b59dc8a208-804x1024.jpg",804,1024,true],"1536x1536":["https:\/\/mueblesparanegociosalfagt.com\/wp-content\/uploads\/2023\/09\/ec29b344-fb62-4439-a83a-34b59dc8a208-1205x1536.jpg",1205,1536,true],"2048x2048":["https:\/\/mueblesparanegociosalfagt.com\/wp-content\/uploads\/2023\/09\/ec29b344-fb62-4439-a83a-34b59dc8a208-1607x2048.jpg",1607,2048,true],"woocommerce_thumbnail":["https:\/\/mueblesparanegociosalfagt.com\/wp-content\/uploads\/2023\/09\/ec29b344-fb62-4439-a83a-34b59dc8a208-900x900.jpg",900,900,true],"woocommerce_single":["https:\/\/mueblesparanegociosalfagt.com\/wp-content\/uploads\/2023\/09\/ec29b344-fb62-4439-a83a-34b59dc8a208-800x1019.jpg",800,1019,true],"woocommerce_gallery_thumbnail":["https:\/\/mueblesparanegociosalfagt.com\/wp-content\/uploads\/2023\/09\/ec29b344-fb62-4439-a83a-34b59dc8a208-100x100.jpg",100,100,true]},"uagb_author_info":{"display_name":"davichohf44","author_link":"https:\/\/mueblesparanegociosalfagt.com\/index.php\/author\/"},"uagb_comment_info":0,"uagb_excerpt":"Fabricada con materiales de la m\u00e1s Alta Calidad Ideal para Banquetes y Eventos Resistencia a altos impactos. Dise\u00f1o Monoblock: una sola pieza, gran firmeza Resistente a ambientes h\u00famedos y salinos, peso por silla 3.5 kg y resiste 150 kg, Colores de L\u00ednea: blanco dorado, plateado y negro.","_links":{"self":[{"href":"https:\/\/mueblesparanegociosalfagt.com\/index.php\/wp-json\/wp\/v2\/product\/1801"}],"collection":[{"href":"https:\/\/mueblesparanegociosalfagt.com\/index.php\/wp-json\/wp\/v2\/product"}],"about":[{"href":"https:\/\/mueblesparanegociosalfagt.com\/index.php\/wp-json\/wp\/v2\/types\/product"}],"version-history":[{"count":4,"href":"https:\/\/mueblesparanegociosalfagt.com\/index.php\/wp-json\/wp\/v2\/product\/1801\/revisions"}],"predecessor-version":[{"id":2282,"href":"https:\/\/mueblesparanegociosalfagt.com\/index.php\/wp-json\/wp\/v2\/product\/1801\/revisions\/2282"}],"wp:featuredmedia":[{"embeddable":true,"href":"https:\/\/mueblesparanegociosalfagt.com\/index.php\/wp-json\/wp\/v2\/media\/2179"}],"wp:attachment":[{"href":"https:\/\/mueblesparanegociosalfagt.com\/index.php\/wp-json\/wp\/v2\/media?parent=1801"}],"wp:term":[{"taxonomy":"product_cat","embeddable":true,"href":"https:\/\/mueblesparanegociosalfagt.com\/index.php\/wp-json\/wp\/v2\/product_cat?post=1801"},{"taxonomy":"product_tag","embeddable":true,"href":"https:\/\/mueblesparanegociosalfagt.com\/index.php\/wp-json\/wp\/v2\/product_tag?post=1801"}],"curies":[{"name":"wp","href":"https:\/\/api.w.org\/{rel}","templated":true}]}}