{"id":1823,"date":"2023-09-06T20:09:59","date_gmt":"2023-09-06T20:09:59","guid":{"rendered":"https:\/\/mueblesparanegociosalfagt.com\/?post_type=product&#038;p=1823"},"modified":"2023-09-25T18:36:33","modified_gmt":"2023-09-25T18:36:33","slug":"versalles-chocolate","status":"publish","type":"product","link":"https:\/\/mueblesparanegociosalfagt.com\/index.php\/product\/versalles-chocolate\/","title":{"rendered":"Silla Versalles"},"content":{"rendered":"<p>Fabricada con materiales de la m\u00e1s Alta Calidad Ideal para Banquetes y Eventos Resistencia a altos impactos. Dise\u00f1o Monoblock: una sola pieza, gran firmeza Resistente a ambientes h\u00famedos y salinos, peso 3.5 kg y resiste 200kg Colores de L\u00ednea: blanco dorado, plateado y negro.<\/p>\n","protected":false},"excerpt":{"rendered":"<p>Fabricada con materiales de la m\u00e1s Alta Calidad Ideal para Banquetes y Eventos Resistencia a altos impactos. Dise\u00f1o Monoblock: una sola pieza, gran firmeza Resistente a ambientes h\u00famedos y salinos, peso 3.5 kg y resiste 200kg Colores de L\u00ednea: blanco dorado, plateado y negro.<\/p>\n","protected":false},"featured_media":2098,"template":"","meta":{"_uag_custom_page_level_css":"","site-sidebar-layout":"default","site-content-layout":"default","ast-global-header-display":"","ast-banner-title-visibility":"","ast-main-header-display":"","ast-hfb-above-header-display":"","ast-hfb-below-header-display":"","ast-hfb-mobile-header-display":"","site-post-title":"","ast-breadcrumbs-content":"","ast-featured-img":"","footer-sml-layout":"","theme-transparent-header-meta":"default","adv-header-id-meta":"","stick-header-meta":"","header-above-stick-meta":"","header-main-stick-meta":"","header-below-stick-meta":"","_joinchat":[]},"product_cat":[64],"product_tag":[],"uagb_featured_image_src":{"full":["https:\/\/mueblesparanegociosalfagt.com\/wp-content\/uploads\/2023\/09\/89d72903-4c48-4c74-ac0c-41c9e60f3723-scaled.jpg",1519,2560,false],"thumbnail":["https:\/\/mueblesparanegociosalfagt.com\/wp-content\/uploads\/2023\/09\/89d72903-4c48-4c74-ac0c-41c9e60f3723-150x150.jpg",150,150,true],"medium":["https:\/\/mueblesparanegociosalfagt.com\/wp-content\/uploads\/2023\/09\/89d72903-4c48-4c74-ac0c-41c9e60f3723-178x300.jpg",178,300,true],"medium_large":["https:\/\/mueblesparanegociosalfagt.com\/wp-content\/uploads\/2023\/09\/89d72903-4c48-4c74-ac0c-41c9e60f3723-768x1295.jpg",768,1295,true],"large":["https:\/\/mueblesparanegociosalfagt.com\/wp-content\/uploads\/2023\/09\/89d72903-4c48-4c74-ac0c-41c9e60f3723-607x1024.jpg",607,1024,true],"1536x1536":["https:\/\/mueblesparanegociosalfagt.com\/wp-content\/uploads\/2023\/09\/89d72903-4c48-4c74-ac0c-41c9e60f3723-911x1536.jpg",911,1536,true],"2048x2048":["https:\/\/mueblesparanegociosalfagt.com\/wp-content\/uploads\/2023\/09\/89d72903-4c48-4c74-ac0c-41c9e60f3723-1215x2048.jpg",1215,2048,true],"woocommerce_thumbnail":["https:\/\/mueblesparanegociosalfagt.com\/wp-content\/uploads\/2023\/09\/89d72903-4c48-4c74-ac0c-41c9e60f3723-900x900.jpg",900,900,true],"woocommerce_single":["https:\/\/mueblesparanegociosalfagt.com\/wp-content\/uploads\/2023\/09\/89d72903-4c48-4c74-ac0c-41c9e60f3723-800x1349.jpg",800,1349,true],"woocommerce_gallery_thumbnail":["https:\/\/mueblesparanegociosalfagt.com\/wp-content\/uploads\/2023\/09\/89d72903-4c48-4c74-ac0c-41c9e60f3723-100x100.jpg",100,100,true]},"uagb_author_info":{"display_name":"davichohf44","author_link":"https:\/\/mueblesparanegociosalfagt.com\/index.php\/author\/"},"uagb_comment_info":0,"uagb_excerpt":"Fabricada con materiales de la m\u00e1s Alta Calidad Ideal para Banquetes y Eventos Resistencia a altos impactos. Dise\u00f1o Monoblock: una sola pieza, gran firmeza Resistente a ambientes h\u00famedos y salinos, peso 3.5 kg y resiste 200kg Colores de L\u00ednea: blanco dorado, plateado y negro.","_links":{"self":[{"href":"https:\/\/mueblesparanegociosalfagt.com\/index.php\/wp-json\/wp\/v2\/product\/1823"}],"collection":[{"href":"https:\/\/mueblesparanegociosalfagt.com\/index.php\/wp-json\/wp\/v2\/product"}],"about":[{"href":"https:\/\/mueblesparanegociosalfagt.com\/index.php\/wp-json\/wp\/v2\/types\/product"}],"version-history":[{"count":2,"href":"https:\/\/mueblesparanegociosalfagt.com\/index.php\/wp-json\/wp\/v2\/product\/1823\/revisions"}],"predecessor-version":[{"id":2038,"href":"https:\/\/mueblesparanegociosalfagt.com\/index.php\/wp-json\/wp\/v2\/product\/1823\/revisions\/2038"}],"wp:featuredmedia":[{"embeddable":true,"href":"https:\/\/mueblesparanegociosalfagt.com\/index.php\/wp-json\/wp\/v2\/media\/2098"}],"wp:attachment":[{"href":"https:\/\/mueblesparanegociosalfagt.com\/index.php\/wp-json\/wp\/v2\/media?parent=1823"}],"wp:term":[{"taxonomy":"product_cat","embeddable":true,"href":"https:\/\/mueblesparanegociosalfagt.com\/index.php\/wp-json\/wp\/v2\/product_cat?post=1823"},{"taxonomy":"product_tag","embeddable":true,"href":"https:\/\/mueblesparanegociosalfagt.com\/index.php\/wp-json\/wp\/v2\/product_tag?post=1823"}],"curies":[{"name":"wp","href":"https:\/\/api.w.org\/{rel}","templated":true}]}}