{"id":1875,"date":"2023-09-06T20:40:45","date_gmt":"2023-09-06T20:40:45","guid":{"rendered":"https:\/\/mueblesparanegociosalfagt.com\/?post_type=product&#038;p=1875"},"modified":"2023-09-10T03:48:28","modified_gmt":"2023-09-10T03:48:28","slug":"winchester","status":"publish","type":"product","link":"https:\/\/mueblesparanegociosalfagt.com\/index.php\/product\/winchester\/","title":{"rendered":"Silla Winchester"},"content":{"rendered":"<p>Estructura met\u00e1lica de 1.2mm de espesor, tubo redondo reforzado con soporte de metal sujeto a solera tubular de 8mm de espesor asiento con espuma est\u00e1ndar tapizado con tela mesh, fijo con palanca para activar pist\u00f3n, tapizado respaldo, malla de alta calidad de resistencia a la tracci\u00f3n color negro.<\/p>\n","protected":false},"excerpt":{"rendered":"<p>Estructura met\u00e1lica de 1.2mm de espesor, tubo redondo reforzado con soporte de metal sujeto a solera tubular de 8mm de espesor asiento con espuma est\u00e1ndar tapizado con tela mesh, fijo con palanca para activar pist\u00f3n, tapizado respaldo, malla de alta calidad de resistencia a la tracci\u00f3n color negro.<\/p>\n","protected":false},"featured_media":1889,"template":"","meta":{"_uag_custom_page_level_css":"","site-sidebar-layout":"default","site-content-layout":"default","ast-global-header-display":"","ast-banner-title-visibility":"","ast-main-header-display":"","ast-hfb-above-header-display":"","ast-hfb-below-header-display":"","ast-hfb-mobile-header-display":"","site-post-title":"","ast-breadcrumbs-content":"","ast-featured-img":"","footer-sml-layout":"","theme-transparent-header-meta":"default","adv-header-id-meta":"","stick-header-meta":"","header-above-stick-meta":"","header-main-stick-meta":"","header-below-stick-meta":"","_joinchat":[]},"product_cat":[66],"product_tag":[],"uagb_featured_image_src":{"full":["https:\/\/mueblesparanegociosalfagt.com\/wp-content\/uploads\/2023\/09\/WINCHESTER.jpg",500,600,false],"thumbnail":["https:\/\/mueblesparanegociosalfagt.com\/wp-content\/uploads\/2023\/09\/WINCHESTER-150x150.jpg",150,150,true],"medium":["https:\/\/mueblesparanegociosalfagt.com\/wp-content\/uploads\/2023\/09\/WINCHESTER-250x300.jpg",250,300,true],"medium_large":["https:\/\/mueblesparanegociosalfagt.com\/wp-content\/uploads\/2023\/09\/WINCHESTER.jpg",500,600,false],"large":["https:\/\/mueblesparanegociosalfagt.com\/wp-content\/uploads\/2023\/09\/WINCHESTER.jpg",500,600,false],"1536x1536":["https:\/\/mueblesparanegociosalfagt.com\/wp-content\/uploads\/2023\/09\/WINCHESTER.jpg",500,600,false],"2048x2048":["https:\/\/mueblesparanegociosalfagt.com\/wp-content\/uploads\/2023\/09\/WINCHESTER.jpg",500,600,false],"woocommerce_thumbnail":["https:\/\/mueblesparanegociosalfagt.com\/wp-content\/uploads\/2023\/09\/WINCHESTER.jpg",500,600,false],"woocommerce_single":["https:\/\/mueblesparanegociosalfagt.com\/wp-content\/uploads\/2023\/09\/WINCHESTER.jpg",500,600,false],"woocommerce_gallery_thumbnail":["https:\/\/mueblesparanegociosalfagt.com\/wp-content\/uploads\/2023\/09\/WINCHESTER-100x100.jpg",100,100,true]},"uagb_author_info":{"display_name":"davichohf44","author_link":"https:\/\/mueblesparanegociosalfagt.com\/index.php\/author\/"},"uagb_comment_info":0,"uagb_excerpt":"Estructura met\u00e1lica de 1.2mm de espesor, tubo redondo reforzado con soporte de metal sujeto a solera tubular de 8mm de espesor asiento con espuma est\u00e1ndar tapizado con tela mesh, fijo con palanca para activar pist\u00f3n, tapizado respaldo, malla de alta calidad de resistencia a la tracci\u00f3n color negro.","_links":{"self":[{"href":"https:\/\/mueblesparanegociosalfagt.com\/index.php\/wp-json\/wp\/v2\/product\/1875"}],"collection":[{"href":"https:\/\/mueblesparanegociosalfagt.com\/index.php\/wp-json\/wp\/v2\/product"}],"about":[{"href":"https:\/\/mueblesparanegociosalfagt.com\/index.php\/wp-json\/wp\/v2\/types\/product"}],"version-history":[{"count":2,"href":"https:\/\/mueblesparanegociosalfagt.com\/index.php\/wp-json\/wp\/v2\/product\/1875\/revisions"}],"predecessor-version":[{"id":2066,"href":"https:\/\/mueblesparanegociosalfagt.com\/index.php\/wp-json\/wp\/v2\/product\/1875\/revisions\/2066"}],"wp:featuredmedia":[{"embeddable":true,"href":"https:\/\/mueblesparanegociosalfagt.com\/index.php\/wp-json\/wp\/v2\/media\/1889"}],"wp:attachment":[{"href":"https:\/\/mueblesparanegociosalfagt.com\/index.php\/wp-json\/wp\/v2\/media?parent=1875"}],"wp:term":[{"taxonomy":"product_cat","embeddable":true,"href":"https:\/\/mueblesparanegociosalfagt.com\/index.php\/wp-json\/wp\/v2\/product_cat?post=1875"},{"taxonomy":"product_tag","embeddable":true,"href":"https:\/\/mueblesparanegociosalfagt.com\/index.php\/wp-json\/wp\/v2\/product_tag?post=1875"}],"curies":[{"name":"wp","href":"https:\/\/api.w.org\/{rel}","templated":true}]}}