{"id":1901,"date":"2023-09-06T20:43:51","date_gmt":"2023-09-06T20:43:51","guid":{"rendered":"https:\/\/mueblesparanegociosalfagt.com\/?post_type=product&#038;p=1901"},"modified":"2023-09-10T03:53:46","modified_gmt":"2023-09-10T03:53:46","slug":"meteoro-bajo","status":"publish","type":"product","link":"https:\/\/mueblesparanegociosalfagt.com\/index.php\/product\/meteoro-bajo\/","title":{"rendered":"Meteoro Bajo"},"content":{"rendered":"<p>Mecanismo secretarial fijo con palanca para ajuste de altura. pist\u00f3n neum\u00e1tico secretarial. Base de nylon pentagonal de 24&#8243; con rodajas en nylon de 50mm. Asiento con interno de madera, tapizado en tela Canc\u00fan 100% Respaldo medio tapizado en tela Canc\u00fan 100% polipropileno. Tambi\u00e9n Existe Con Brazos Y Mecanismo Doble Palanca.<\/p>\n","protected":false},"excerpt":{"rendered":"<p>Mecanismo secretarial fijo con palanca para ajuste de altura. pist\u00f3n neum\u00e1tico secretarial. Base de nylon pentagonal de 24&#8243; con rodajas en nylon de 50mm. Asiento con interno de madera, tapizado en tela Canc\u00fan 100% Respaldo medio tapizado en tela Canc\u00fan 100% polipropileno. Tambi\u00e9n Existe Con Brazos Y Mecanismo Doble Palanca.<\/p>\n","protected":false},"featured_media":1955,"template":"","meta":{"_uag_custom_page_level_css":"","site-sidebar-layout":"default","site-content-layout":"default","ast-global-header-display":"","ast-banner-title-visibility":"","ast-main-header-display":"","ast-hfb-above-header-display":"","ast-hfb-below-header-display":"","ast-hfb-mobile-header-display":"","site-post-title":"","ast-breadcrumbs-content":"","ast-featured-img":"","footer-sml-layout":"","theme-transparent-header-meta":"default","adv-header-id-meta":"","stick-header-meta":"","header-above-stick-meta":"","header-main-stick-meta":"","header-below-stick-meta":"","_joinchat":[]},"product_cat":[66],"product_tag":[],"uagb_featured_image_src":{"full":["https:\/\/mueblesparanegociosalfagt.com\/wp-content\/uploads\/2023\/09\/Screenshot-2023-09-09-at-19.59.57.png",510,828,false],"thumbnail":["https:\/\/mueblesparanegociosalfagt.com\/wp-content\/uploads\/2023\/09\/Screenshot-2023-09-09-at-19.59.57-150x150.png",150,150,true],"medium":["https:\/\/mueblesparanegociosalfagt.com\/wp-content\/uploads\/2023\/09\/Screenshot-2023-09-09-at-19.59.57-185x300.png",185,300,true],"medium_large":["https:\/\/mueblesparanegociosalfagt.com\/wp-content\/uploads\/2023\/09\/Screenshot-2023-09-09-at-19.59.57.png",510,828,false],"large":["https:\/\/mueblesparanegociosalfagt.com\/wp-content\/uploads\/2023\/09\/Screenshot-2023-09-09-at-19.59.57.png",510,828,false],"1536x1536":["https:\/\/mueblesparanegociosalfagt.com\/wp-content\/uploads\/2023\/09\/Screenshot-2023-09-09-at-19.59.57.png",510,828,false],"2048x2048":["https:\/\/mueblesparanegociosalfagt.com\/wp-content\/uploads\/2023\/09\/Screenshot-2023-09-09-at-19.59.57.png",510,828,false],"woocommerce_thumbnail":["https:\/\/mueblesparanegociosalfagt.com\/wp-content\/uploads\/2023\/09\/Screenshot-2023-09-09-at-19.59.57.png",510,828,false],"woocommerce_single":["https:\/\/mueblesparanegociosalfagt.com\/wp-content\/uploads\/2023\/09\/Screenshot-2023-09-09-at-19.59.57.png",510,828,false],"woocommerce_gallery_thumbnail":["https:\/\/mueblesparanegociosalfagt.com\/wp-content\/uploads\/2023\/09\/Screenshot-2023-09-09-at-19.59.57-100x100.png",100,100,true]},"uagb_author_info":{"display_name":"davichohf44","author_link":"https:\/\/mueblesparanegociosalfagt.com\/index.php\/author\/"},"uagb_comment_info":0,"uagb_excerpt":"Mecanismo secretarial fijo con palanca para ajuste de altura. pist\u00f3n neum\u00e1tico secretarial. Base de nylon pentagonal de 24&#8243; con rodajas en nylon de 50mm. Asiento con interno de madera, tapizado en tela Canc\u00fan 100% Respaldo medio tapizado en tela Canc\u00fan 100% polipropileno. Tambi\u00e9n Existe Con Brazos Y Mecanismo Doble Palanca.","_links":{"self":[{"href":"https:\/\/mueblesparanegociosalfagt.com\/index.php\/wp-json\/wp\/v2\/product\/1901"}],"collection":[{"href":"https:\/\/mueblesparanegociosalfagt.com\/index.php\/wp-json\/wp\/v2\/product"}],"about":[{"href":"https:\/\/mueblesparanegociosalfagt.com\/index.php\/wp-json\/wp\/v2\/types\/product"}],"version-history":[{"count":2,"href":"https:\/\/mueblesparanegociosalfagt.com\/index.php\/wp-json\/wp\/v2\/product\/1901\/revisions"}],"predecessor-version":[{"id":2071,"href":"https:\/\/mueblesparanegociosalfagt.com\/index.php\/wp-json\/wp\/v2\/product\/1901\/revisions\/2071"}],"wp:featuredmedia":[{"embeddable":true,"href":"https:\/\/mueblesparanegociosalfagt.com\/index.php\/wp-json\/wp\/v2\/media\/1955"}],"wp:attachment":[{"href":"https:\/\/mueblesparanegociosalfagt.com\/index.php\/wp-json\/wp\/v2\/media?parent=1901"}],"wp:term":[{"taxonomy":"product_cat","embeddable":true,"href":"https:\/\/mueblesparanegociosalfagt.com\/index.php\/wp-json\/wp\/v2\/product_cat?post=1901"},{"taxonomy":"product_tag","embeddable":true,"href":"https:\/\/mueblesparanegociosalfagt.com\/index.php\/wp-json\/wp\/v2\/product_tag?post=1901"}],"curies":[{"name":"wp","href":"https:\/\/api.w.org\/{rel}","templated":true}]}}