{"id":1917,"date":"2023-09-06T20:50:39","date_gmt":"2023-09-06T20:50:39","guid":{"rendered":"https:\/\/mueblesparanegociosalfagt.com\/?post_type=product&#038;p=1917"},"modified":"2023-09-28T19:41:35","modified_gmt":"2023-09-28T19:41:35","slug":"banca-acero-cromo","status":"publish","type":"product","link":"https:\/\/mueblesparanegociosalfagt.com\/index.php\/product\/banca-acero-cromo\/","title":{"rendered":"Banca de Acero Cromo"},"content":{"rendered":"<p>Asiento y respaldo en una sola pieza de l\u00e1mina de acero calibre 14 multiperforadas, dise\u00f1o ergon\u00f3mico y espesor de 1.5mm y pintura ep\u00f3xica electrost\u00e1tica horneada color gris, Estructura con soportes laterales de cada asiento y respaldo fabricados en l\u00e1mina de 2mm de espesor con un alma de barra de acero macizo de 4mm de espesor (de dos plazas, tres y cuatro).<\/p>\n","protected":false},"excerpt":{"rendered":"<p>Asiento y respaldo en una sola pieza de l\u00e1mina de acero calibre 14 multiperforadas, dise\u00f1o ergon\u00f3mico y espesor de 1.5mm y pintura ep\u00f3xica electrost\u00e1tica horneada color gris, Estructura con soportes laterales de cada asiento y respaldo fabricados en l\u00e1mina de 2mm de espesor con un alma de barra de acero macizo de 4mm de espesor &hellip;<\/p>\n<p class=\"read-more\"> <a class=\"\" href=\"https:\/\/mueblesparanegociosalfagt.com\/index.php\/product\/banca-acero-cromo\/\"> <span class=\"screen-reader-text\">Banca de Acero Cromo<\/span> Leer m\u00e1s &raquo;<\/a><\/p>\n","protected":false},"featured_media":1942,"template":"","meta":{"_uag_custom_page_level_css":"","site-sidebar-layout":"default","site-content-layout":"default","ast-global-header-display":"","ast-banner-title-visibility":"","ast-main-header-display":"","ast-hfb-above-header-display":"","ast-hfb-below-header-display":"","ast-hfb-mobile-header-display":"","site-post-title":"","ast-breadcrumbs-content":"","ast-featured-img":"","footer-sml-layout":"","theme-transparent-header-meta":"default","adv-header-id-meta":"","stick-header-meta":"","header-above-stick-meta":"","header-main-stick-meta":"","header-below-stick-meta":"","_joinchat":[]},"product_cat":[66],"product_tag":[],"uagb_featured_image_src":{"full":["https:\/\/mueblesparanegociosalfagt.com\/wp-content\/uploads\/2023\/09\/Screenshot-2023-09-09-at-18.26.55-e1694305650310.png",828,449,false],"thumbnail":["https:\/\/mueblesparanegociosalfagt.com\/wp-content\/uploads\/2023\/09\/Screenshot-2023-09-09-at-18.26.55-e1694305650310.png",150,81,false],"medium":["https:\/\/mueblesparanegociosalfagt.com\/wp-content\/uploads\/2023\/09\/Screenshot-2023-09-09-at-18.26.55-e1694305650310.png",300,163,false],"medium_large":["https:\/\/mueblesparanegociosalfagt.com\/wp-content\/uploads\/2023\/09\/Screenshot-2023-09-09-at-18.26.55-e1694305650310.png",768,416,false],"large":["https:\/\/mueblesparanegociosalfagt.com\/wp-content\/uploads\/2023\/09\/Screenshot-2023-09-09-at-18.26.55-e1694305650310.png",828,449,false],"1536x1536":["https:\/\/mueblesparanegociosalfagt.com\/wp-content\/uploads\/2023\/09\/Screenshot-2023-09-09-at-18.26.55-e1694305650310.png",828,449,false],"2048x2048":["https:\/\/mueblesparanegociosalfagt.com\/wp-content\/uploads\/2023\/09\/Screenshot-2023-09-09-at-18.26.55-e1694305650310.png",828,449,false],"woocommerce_thumbnail":["https:\/\/mueblesparanegociosalfagt.com\/wp-content\/uploads\/2023\/09\/Screenshot-2023-09-09-at-18.26.55-e1694305650310.png",828,449,false],"woocommerce_single":["https:\/\/mueblesparanegociosalfagt.com\/wp-content\/uploads\/2023\/09\/Screenshot-2023-09-09-at-18.26.55-e1694305650310-800x434.png",800,434,true],"woocommerce_gallery_thumbnail":["https:\/\/mueblesparanegociosalfagt.com\/wp-content\/uploads\/2023\/09\/Screenshot-2023-09-09-at-18.26.55-e1694305650310-100x100.png",100,100,true]},"uagb_author_info":{"display_name":"davichohf44","author_link":"https:\/\/mueblesparanegociosalfagt.com\/index.php\/author\/"},"uagb_comment_info":0,"uagb_excerpt":"Asiento y respaldo en una sola pieza de l\u00e1mina de acero calibre 14 multiperforadas, dise\u00f1o ergon\u00f3mico y espesor de 1.5mm y pintura ep\u00f3xica electrost\u00e1tica horneada color gris, Estructura con soportes laterales de cada asiento y respaldo fabricados en l\u00e1mina de 2mm de espesor con un alma de barra de acero macizo de 4mm de espesor&hellip;","_links":{"self":[{"href":"https:\/\/mueblesparanegociosalfagt.com\/index.php\/wp-json\/wp\/v2\/product\/1917"}],"collection":[{"href":"https:\/\/mueblesparanegociosalfagt.com\/index.php\/wp-json\/wp\/v2\/product"}],"about":[{"href":"https:\/\/mueblesparanegociosalfagt.com\/index.php\/wp-json\/wp\/v2\/types\/product"}],"version-history":[{"count":3,"href":"https:\/\/mueblesparanegociosalfagt.com\/index.php\/wp-json\/wp\/v2\/product\/1917\/revisions"}],"predecessor-version":[{"id":2326,"href":"https:\/\/mueblesparanegociosalfagt.com\/index.php\/wp-json\/wp\/v2\/product\/1917\/revisions\/2326"}],"wp:featuredmedia":[{"embeddable":true,"href":"https:\/\/mueblesparanegociosalfagt.com\/index.php\/wp-json\/wp\/v2\/media\/1942"}],"wp:attachment":[{"href":"https:\/\/mueblesparanegociosalfagt.com\/index.php\/wp-json\/wp\/v2\/media?parent=1917"}],"wp:term":[{"taxonomy":"product_cat","embeddable":true,"href":"https:\/\/mueblesparanegociosalfagt.com\/index.php\/wp-json\/wp\/v2\/product_cat?post=1917"},{"taxonomy":"product_tag","embeddable":true,"href":"https:\/\/mueblesparanegociosalfagt.com\/index.php\/wp-json\/wp\/v2\/product_tag?post=1917"}],"curies":[{"name":"wp","href":"https:\/\/api.w.org\/{rel}","templated":true}]}}