{"id":2382,"date":"2024-02-06T23:21:57","date_gmt":"2024-02-06T23:21:57","guid":{"rendered":"https:\/\/mueblesparanegociosalfagt.com\/?post_type=product&#038;p=2382"},"modified":"2024-02-09T21:41:58","modified_gmt":"2024-02-09T21:41:58","slug":"silla-omega","status":"publish","type":"product","link":"https:\/\/mueblesparanegociosalfagt.com\/index.php\/product\/silla-omega\/","title":{"rendered":"Silla Omega"},"content":{"rendered":"<p>Tubular redondo 7\/8 en calibre 20 asiento y respaldo de pl\u00e1stico con dise\u00f1o ergonomico para mayor comodidad.<br \/>\nColor: blanco<br \/>\nPintura: Electrost\u00e1tica color gris espejo.<\/p>\n","protected":false},"excerpt":{"rendered":"<p>Tubular redondo 7\/8 en calibre 20 asiento y respaldo de pl\u00e1stico con dise\u00f1o ergonomico para mayor comodidad. Color: blanco Pintura: Electrost\u00e1tica color gris espejo.<\/p>\n","protected":false},"featured_media":2389,"template":"","meta":{"_uag_custom_page_level_css":"","site-sidebar-layout":"default","site-content-layout":"default","ast-global-header-display":"","ast-banner-title-visibility":"","ast-main-header-display":"","ast-hfb-above-header-display":"","ast-hfb-below-header-display":"","ast-hfb-mobile-header-display":"","site-post-title":"","ast-breadcrumbs-content":"","ast-featured-img":"","footer-sml-layout":"","theme-transparent-header-meta":"default","adv-header-id-meta":"","stick-header-meta":"","header-above-stick-meta":"","header-main-stick-meta":"","header-below-stick-meta":"","_joinchat":[]},"product_cat":[64],"product_tag":[],"uagb_featured_image_src":{"full":["https:\/\/mueblesparanegociosalfagt.com\/wp-content\/uploads\/2024\/02\/8.png",2970,2970,false],"thumbnail":["https:\/\/mueblesparanegociosalfagt.com\/wp-content\/uploads\/2024\/02\/8-150x150.png",150,150,true],"medium":["https:\/\/mueblesparanegociosalfagt.com\/wp-content\/uploads\/2024\/02\/8-300x300.png",300,300,true],"medium_large":["https:\/\/mueblesparanegociosalfagt.com\/wp-content\/uploads\/2024\/02\/8-768x768.png",768,768,true],"large":["https:\/\/mueblesparanegociosalfagt.com\/wp-content\/uploads\/2024\/02\/8-1024x1024.png",1024,1024,true],"1536x1536":["https:\/\/mueblesparanegociosalfagt.com\/wp-content\/uploads\/2024\/02\/8-1536x1536.png",1536,1536,true],"2048x2048":["https:\/\/mueblesparanegociosalfagt.com\/wp-content\/uploads\/2024\/02\/8-2048x2048.png",2048,2048,true],"woocommerce_thumbnail":["https:\/\/mueblesparanegociosalfagt.com\/wp-content\/uploads\/2024\/02\/8-900x900.png",900,900,true],"woocommerce_single":["https:\/\/mueblesparanegociosalfagt.com\/wp-content\/uploads\/2024\/02\/8-800x800.png",800,800,true],"woocommerce_gallery_thumbnail":["https:\/\/mueblesparanegociosalfagt.com\/wp-content\/uploads\/2024\/02\/8-100x100.png",100,100,true]},"uagb_author_info":{"display_name":"davichohf44","author_link":"https:\/\/mueblesparanegociosalfagt.com\/index.php\/author\/"},"uagb_comment_info":0,"uagb_excerpt":"Tubular redondo 7\/8 en calibre 20 asiento y respaldo de pl\u00e1stico con dise\u00f1o ergonomico para mayor comodidad. Color: blanco Pintura: Electrost\u00e1tica color gris espejo.","_links":{"self":[{"href":"https:\/\/mueblesparanegociosalfagt.com\/index.php\/wp-json\/wp\/v2\/product\/2382"}],"collection":[{"href":"https:\/\/mueblesparanegociosalfagt.com\/index.php\/wp-json\/wp\/v2\/product"}],"about":[{"href":"https:\/\/mueblesparanegociosalfagt.com\/index.php\/wp-json\/wp\/v2\/types\/product"}],"version-history":[{"count":1,"href":"https:\/\/mueblesparanegociosalfagt.com\/index.php\/wp-json\/wp\/v2\/product\/2382\/revisions"}],"predecessor-version":[{"id":2383,"href":"https:\/\/mueblesparanegociosalfagt.com\/index.php\/wp-json\/wp\/v2\/product\/2382\/revisions\/2383"}],"wp:featuredmedia":[{"embeddable":true,"href":"https:\/\/mueblesparanegociosalfagt.com\/index.php\/wp-json\/wp\/v2\/media\/2389"}],"wp:attachment":[{"href":"https:\/\/mueblesparanegociosalfagt.com\/index.php\/wp-json\/wp\/v2\/media?parent=2382"}],"wp:term":[{"taxonomy":"product_cat","embeddable":true,"href":"https:\/\/mueblesparanegociosalfagt.com\/index.php\/wp-json\/wp\/v2\/product_cat?post=2382"},{"taxonomy":"product_tag","embeddable":true,"href":"https:\/\/mueblesparanegociosalfagt.com\/index.php\/wp-json\/wp\/v2\/product_tag?post=2382"}],"curies":[{"name":"wp","href":"https:\/\/api.w.org\/{rel}","templated":true}]}}